{"id":331,"date":"2020-03-15T11:15:05","date_gmt":"2020-03-15T11:15:05","guid":{"rendered":"http:\/\/xn--frauenrztin-hage-0nb.de\/?page_id=331"},"modified":"2020-03-15T11:15:05","modified_gmt":"2020-03-15T11:15:05","slug":"info","status":"publish","type":"page","link":"https:\/\/xn--frauenrztin-hage-0nb.de\/?page_id=331","title":{"rendered":"Info"},"content":{"rendered":"\n<div class=\"wp-block-media-text alignwide has-media-on-the-right is-vertically-aligned-bottom\" style=\"grid-template-columns:auto 20%\"><figure class=\"wp-block-media-text__media\"><img loading=\"lazy\" decoding=\"async\" width=\"250\" height=\"238\" src=\"http:\/\/xn--frauenrztin-hage-0nb.de\/wp-content\/uploads\/2020\/02\/Untitled-2.gif\" alt=\"\" class=\"wp-image-315\"\/><\/figure><div class=\"wp-block-media-text__content\">\n<p> Ab M\u00e4rz 2020 wird mich meine Kollegin Frau Demmler am   Dienstagnachmittag in der Praxis unterst\u00fctzen und die Sprechstunde  \u00fcbernehmen. Frau Demmler ist Fach\u00e4rztin f\u00fcr Gyn\u00e4kologie und Geburtshilfe  und hat bereits viele Jahre Erfahrung in der Praxis. <\/p>\n\n\n\n<p><\/p>\n\n\n\n<p><\/p>\n<\/div><\/div>\n\n\n\n<p> <\/p>\n","protected":false},"excerpt":{"rendered":"<p>Ab M\u00e4rz 2020 wird mich meine Kollegin Frau Demmler am Dienstagnachmittag in der Praxis unterst\u00fctzen und die Sprechstunde \u00fcbernehmen. Frau Demmler ist Fach\u00e4rztin f\u00fcr Gyn\u00e4kologie und Geburtshilfe und hat bereits viele Jahre Erfahrung in der Praxis.<\/p>\n","protected":false},"author":1,"featured_media":0,"parent":0,"menu_order":0,"comment_status":"closed","ping_status":"closed","template":"","meta":{"footnotes":""},"class_list":["post-331","page","type-page","status-publish"],"_links":{"self":[{"href":"https:\/\/xn--frauenrztin-hage-0nb.de\/index.php?rest_route=\/wp\/v2\/pages\/331","targetHints":{"allow":["GET"]}}],"collection":[{"href":"https:\/\/xn--frauenrztin-hage-0nb.de\/index.php?rest_route=\/wp\/v2\/pages"}],"about":[{"href":"https:\/\/xn--frauenrztin-hage-0nb.de\/index.php?rest_route=\/wp\/v2\/types\/page"}],"author":[{"embeddable":true,"href":"https:\/\/xn--frauenrztin-hage-0nb.de\/index.php?rest_route=\/wp\/v2\/users\/1"}],"replies":[{"embeddable":true,"href":"https:\/\/xn--frauenrztin-hage-0nb.de\/index.php?rest_route=%2Fwp%2Fv2%2Fcomments&post=331"}],"version-history":[{"count":10,"href":"https:\/\/xn--frauenrztin-hage-0nb.de\/index.php?rest_route=\/wp\/v2\/pages\/331\/revisions"}],"predecessor-version":[{"id":504,"href":"https:\/\/xn--frauenrztin-hage-0nb.de\/index.php?rest_route=\/wp\/v2\/pages\/331\/revisions\/504"}],"wp:attachment":[{"href":"https:\/\/xn--frauenrztin-hage-0nb.de\/index.php?rest_route=%2Fwp%2Fv2%2Fmedia&parent=331"}],"curies":[{"name":"wp","href":"https:\/\/api.w.org\/{rel}","templated":true}]}}